{"id":190,"date":"2022-09-02T08:21:22","date_gmt":"2022-09-02T06:21:22","guid":{"rendered":"https:\/\/www.peppermint-park.com\/?page_id=190"},"modified":"2025-11-24T14:52:10","modified_gmt":"2025-11-24T13:52:10","slug":"services","status":"publish","type":"page","link":"https:\/\/www.peppermint-park.com\/de\/services\/","title":{"rendered":"Services"},"content":{"rendered":"\n<div class=\"alignfull\"><div id=\"metaslider-id-113\" style=\"width: 100%;\" class=\"ml-slider-3-108-0 metaslider metaslider-flex metaslider-113 ml-slider ms-theme-nivo-dark nav-hidden\" role=\"region\" aria-label=\"Studio 1\" data-height=\"600\" data-width=\"1900\">\n    <div id=\"metaslider_container_113\">\n        <div id=\"metaslider_113\" class=\"flexslider\">\n            <ul class='slides'>\n                <li style=\"display: block; width: 100%;\" class=\"slide-531 ms-image \" aria-roledescription=\"slide\" data-date=\"2022-09-28 13:05:07\" data-filename=\"Slide-6.png\" data-slide-type=\"image\"><img loading=\"lazy\" decoding=\"async\" src=\"https:\/\/www.peppermint-park.com\/wp-content\/uploads\/2022\/12\/Slide-6.png\" height=\"600\" width=\"1900\" alt=\"Peppermint Pavilion Au\u00dfenansicht Nacht mit Farbbeleuchtung\" class=\"slider-113 slide-531 msDefaultImage\" title=\"Peppermint Pavilion Au\u00dfenansicht Nacht mit Farbbeleuchtung\" \/><div class=\"caption-wrap\"><div class=\"caption\"><div>Peppermint Park Studios<\/div><\/div><\/div><\/li>\n                <li style=\"display: none; width: 100%;\" class=\"slide-523 ms-image \" aria-roledescription=\"slide\" data-date=\"2022-09-28 12:49:42\" data-filename=\"Slide-1.png\" data-slide-type=\"image\"><a href=\"https:\/\/www.peppermint-park.com\/de_de\/studios\/#Studio1\" target=\"_self\" aria-label=\"View Slide Details\" class=\"metaslider_image_link\"><img loading=\"lazy\" decoding=\"async\" src=\"https:\/\/www.peppermint-park.com\/wp-content\/uploads\/2022\/10\/Slide-1.png\" height=\"600\" width=\"1900\" alt=\"Weitwinkelperspektive der Dolby Atmos Regie von Studio 1 der Peppermint Park Studios\" class=\"slider-113 slide-523 msDefaultImage\" title=\"Studio 1 overview\" \/><\/a><div class=\"caption-wrap\"><div class=\"caption\"><div><a href=\"..\/de_de\/studios\/#Studio1\">Studio 1 <\/a><\/div><\/div><\/div><\/li>\n                <li style=\"display: none; width: 100%;\" class=\"slide-1218 ms-image \" aria-roledescription=\"slide\" data-date=\"2024-04-23 13:04:56\" data-filename=\"Studio-2-.png\" data-slide-type=\"image\"><a href=\"https:\/\/www.peppermint-park.com\/de_de\/studios\/#Studio2\" target=\"_self\" aria-label=\"View Slide Details\" class=\"metaslider_image_link\"><img loading=\"lazy\" decoding=\"async\" src=\"https:\/\/www.peppermint-park.com\/wp-content\/uploads\/2024\/04\/Studio-2-.png\" height=\"600\" width=\"1900\" alt=\"Peppermint Park Studio 2\" class=\"slider-113 slide-1218 msDefaultImage\" title=\"Peppermint Park Studio 2\" \/><\/a><div class=\"caption-wrap\"><div class=\"caption\"><div><a href=\"..\/de_de\/studios\/#Studio2\">Studio 2\u00a0<\/a><\/div><\/div><\/div><\/li>\n                <li style=\"display: none; width: 100%;\" class=\"slide-524 ms-image \" aria-roledescription=\"slide\" data-date=\"2022-09-28 12:49:42\" data-filename=\"Slide-2-1.png\" data-slide-type=\"image\"><img loading=\"lazy\" decoding=\"async\" src=\"https:\/\/www.peppermint-park.com\/wp-content\/uploads\/2022\/09\/Slide-2-1.png\" height=\"600\" width=\"1900\" alt=\"Portrait der U87 Mikrofonsammlung in Studio 1\" class=\"slider-113 slide-524 msDefaultImage\" title=\"Neumann U87 collection\" \/><div class=\"caption-wrap\"><div class=\"caption\"><div>Vintage and Modern<\/div><\/div><\/div><\/li>\n                <li style=\"display: none; width: 100%;\" class=\"slide-525 ms-image \" aria-roledescription=\"slide\" data-date=\"2022-09-28 12:49:42\" data-filename=\"Slide-3-1.png\" data-slide-type=\"image\"><img loading=\"lazy\" decoding=\"async\" src=\"https:\/\/www.peppermint-park.com\/wp-content\/uploads\/2022\/09\/Slide-3-1.png\" height=\"600\" width=\"1900\" alt=\"Aufnahmeraum 1 Gear Shot\" class=\"slider-113 slide-525 msDefaultImage\" title=\"Aufnahmeraum 1 Gear Shot\" \/><div class=\"caption-wrap\"><div class=\"caption\"><div>Room for Sound<\/div><\/div><\/div><\/li>\n                <li style=\"display: none; width: 100%;\" class=\"slide-526 ms-image \" aria-roledescription=\"slide\" data-date=\"2022-09-28 12:49:42\" data-filename=\"Peppermint-Park-Website-Slider-Vorlage-3.png\" data-slide-type=\"image\"><a href=\"https:\/\/www.peppermint-park.com\/de_de\/kontakt\/#booking\" target=\"_self\" aria-label=\"View Slide Details\" class=\"metaslider_image_link\"><img loading=\"lazy\" decoding=\"async\" src=\"https:\/\/www.peppermint-park.com\/wp-content\/uploads\/2022\/10\/Peppermint-Park-Website-Slider-Vorlage-3.png\" height=\"600\" width=\"1900\" alt=\"Peppermint Park Studio 1 SSL Console\" class=\"slider-113 slide-526 msDefaultImage\" title=\"Peppermint Park Studio 1 SSL Console\" \/><\/a><div class=\"caption-wrap\"><div class=\"caption\"><div><a href=\"..\/de_de\/kontakt\/#booking\">Book Now!<\/a><\/div><\/div><\/div><\/li>\n                <li style=\"display: none; width: 100%;\" class=\"slide-527 ms-image \" aria-roledescription=\"slide\" data-date=\"2022-09-28 12:49:42\" data-filename=\"Slide-5-1.png\" data-slide-type=\"image\"><img loading=\"lazy\" decoding=\"async\" src=\"https:\/\/www.peppermint-park.com\/wp-content\/uploads\/2022\/09\/Slide-5-1.png\" height=\"600\" width=\"1900\" alt=\"Peppermint Park Tischkicker\" class=\"slider-113 slide-527 msDefaultImage\" title=\"Peppermint Park Tischkicker\" \/><\/li>\n            <\/ul>\n        <\/div>\n        \n    <\/div>\n<\/div><\/div>\n\n\n\n<div style=\"height:42px\" aria-hidden=\"true\" class=\"wp-block-spacer\"><\/div>\n\n\n\n<h1 class=\"wp-block-heading\">Services<\/h1>\n\n\n\n<div class=\"wp-block-columns is-layout-flex wp-container-core-columns-is-layout-9d6595d7 wp-block-columns-is-layout-flex\">\n<div class=\"wp-block-column is-layout-flow wp-block-column-is-layout-flow\">\n<h2 class=\"wp-block-heading\">Dolby Atmos [ps2id id=&#8217;dolby&#8217; target=&#8221;\/]<\/h2>\n\n\n\n<p>Als eines der ersten Dolby Atmos Music zertifizierten Studios mit einem der gr\u00f6\u00dften 7.1.4 Control Rooms Deutschlands konnten wir bereits fr\u00fch Erfahrung mit dem Mischen und Produzieren Immersiver Musik sammeln. Wir mischen schnell, unkompliziert und kreativ und behalten die Musikalit\u00e4t dabei immer im Fokus.<\/p>\n\n\n\n<p><\/p>\n<\/div>\n\n\n\n<div class=\"wp-block-column is-layout-flow wp-block-column-is-layout-flow\">\n<figure class=\"wp-block-image size-large\"><img loading=\"lazy\" decoding=\"async\" width=\"1024\" height=\"770\" src=\"https:\/\/www.peppermint-park.com\/wp-content\/uploads\/2022\/09\/4-1-1024x770.png\" alt=\"\" class=\"wp-image-578\" srcset=\"https:\/\/www.peppermint-park.com\/wp-content\/uploads\/2022\/09\/4-1-1024x770.png 1024w, https:\/\/www.peppermint-park.com\/wp-content\/uploads\/2022\/09\/4-1-300x225.png 300w, https:\/\/www.peppermint-park.com\/wp-content\/uploads\/2022\/09\/4-1-768x577.png 768w, https:\/\/www.peppermint-park.com\/wp-content\/uploads\/2022\/09\/4-1-1536x1154.png 1536w, https:\/\/www.peppermint-park.com\/wp-content\/uploads\/2022\/09\/4-1-1800x1353.png 1800w, https:\/\/www.peppermint-park.com\/wp-content\/uploads\/2022\/09\/4-1.png 2044w\" sizes=\"auto, (max-width: 1024px) 100vw, 1024px\" \/><\/figure>\n<\/div>\n<\/div>\n\n\n\n<div class=\"wp-block-columns is-layout-flex wp-container-core-columns-is-layout-9d6595d7 wp-block-columns-is-layout-flex\">\n<div class=\"wp-block-column is-layout-flow wp-block-column-is-layout-flow\">\n<figure class=\"wp-block-image size-large\"><img loading=\"lazy\" decoding=\"async\" width=\"1024\" height=\"770\" src=\"https:\/\/www.peppermint-park.com\/wp-content\/uploads\/2022\/09\/3-1-1024x770.png\" alt=\"\" class=\"wp-image-537\" srcset=\"https:\/\/www.peppermint-park.com\/wp-content\/uploads\/2022\/09\/3-1-1024x770.png 1024w, https:\/\/www.peppermint-park.com\/wp-content\/uploads\/2022\/09\/3-1-300x225.png 300w, https:\/\/www.peppermint-park.com\/wp-content\/uploads\/2022\/09\/3-1-768x577.png 768w, https:\/\/www.peppermint-park.com\/wp-content\/uploads\/2022\/09\/3-1-1536x1154.png 1536w, https:\/\/www.peppermint-park.com\/wp-content\/uploads\/2022\/09\/3-1-1800x1353.png 1800w, https:\/\/www.peppermint-park.com\/wp-content\/uploads\/2022\/09\/3-1.png 2044w\" sizes=\"auto, (max-width: 1024px) 100vw, 1024px\" \/><\/figure>\n<\/div>\n\n\n\n<div class=\"wp-block-column is-layout-flow wp-block-column-is-layout-flow\">\n<h2 class=\"wp-block-heading\">Mixing [ps2id id=&#8217;mixing&#8217; target=&#8221;\/]<\/h2>\n\n\n\n<p><strong>Analog, Immersive oder in The Box.<\/strong><br>Eine ideale Umgebung und unser Know-How sorgen f\u00fcr den perfekten Mix. Umfangreiches Equipment und top Engineers machen alles m\u00f6glich was man sich w\u00fcnscht. Vor Ort oder remote. <\/p>\n<\/div>\n<\/div>\n\n\n\n<div class=\"wp-block-columns is-layout-flex wp-container-core-columns-is-layout-9d6595d7 wp-block-columns-is-layout-flex\">\n<div class=\"wp-block-column is-layout-flow wp-block-column-is-layout-flow\">\n<h2 class=\"wp-block-heading\">Recording [ps2id id=&#8217;recording&#8217; target=&#8221;\/]<\/h2>\n\n\n\n<p>Mit einer SSL Duality Konsole, einer gro\u00dfen Auswahl an Vintage Mikrofonen und einem fantastisch klingenden Aufnahmeraum bietet Peppermint Park alles f\u00fcr professionelle Musikaufnahmen von der gro\u00dfen Rock-Produktion bis zu Gesangsaufnahmen oder Gitarren Re-amps durch unsere Sammlung an Verst\u00e4rker-Klassikern . <\/p>\n\n\n\n<p>Auf Wunsch ist es auch m\u00f6glich ganz klassisch eine Analoge Aufnahme mit unseren 24-Spur Bandmaschinen auf 2&#8243;&#8221; Tonband zu machen. <\/p>\n<\/div>\n\n\n\n<div class=\"wp-block-column is-layout-flow wp-block-column-is-layout-flow\">\n<figure class=\"wp-block-image size-large\"><img loading=\"lazy\" decoding=\"async\" width=\"1024\" height=\"770\" src=\"https:\/\/www.peppermint-park.com\/wp-content\/uploads\/2022\/09\/1-1-1024x770.png\" alt=\"\" class=\"wp-image-536\" srcset=\"https:\/\/www.peppermint-park.com\/wp-content\/uploads\/2022\/09\/1-1-1024x770.png 1024w, https:\/\/www.peppermint-park.com\/wp-content\/uploads\/2022\/09\/1-1-300x225.png 300w, https:\/\/www.peppermint-park.com\/wp-content\/uploads\/2022\/09\/1-1-768x577.png 768w, https:\/\/www.peppermint-park.com\/wp-content\/uploads\/2022\/09\/1-1-1536x1154.png 1536w, https:\/\/www.peppermint-park.com\/wp-content\/uploads\/2022\/09\/1-1-1800x1353.png 1800w, https:\/\/www.peppermint-park.com\/wp-content\/uploads\/2022\/09\/1-1.png 2044w\" sizes=\"auto, (max-width: 1024px) 100vw, 1024px\" \/><\/figure>\n<\/div>\n<\/div>\n\n\n\n<div class=\"wp-block-columns is-layout-flex wp-container-core-columns-is-layout-9d6595d7 wp-block-columns-is-layout-flex\">\n<div class=\"wp-block-column is-layout-flow wp-block-column-is-layout-flow\">\n<figure class=\"wp-block-image size-large is-resized\"><img loading=\"lazy\" decoding=\"async\" width=\"1024\" height=\"770\" src=\"https:\/\/www.peppermint-park.com\/wp-content\/uploads\/2022\/09\/2-1-1024x770.png\" alt=\"\" class=\"wp-image-538\" style=\"width:568px;height:427px\" srcset=\"https:\/\/www.peppermint-park.com\/wp-content\/uploads\/2022\/09\/2-1-1024x770.png 1024w, https:\/\/www.peppermint-park.com\/wp-content\/uploads\/2022\/09\/2-1-300x225.png 300w, https:\/\/www.peppermint-park.com\/wp-content\/uploads\/2022\/09\/2-1-768x577.png 768w, https:\/\/www.peppermint-park.com\/wp-content\/uploads\/2022\/09\/2-1-1536x1154.png 1536w, https:\/\/www.peppermint-park.com\/wp-content\/uploads\/2022\/09\/2-1-1800x1353.png 1800w, https:\/\/www.peppermint-park.com\/wp-content\/uploads\/2022\/09\/2-1.png 2044w\" sizes=\"auto, (max-width: 1024px) 100vw, 1024px\" \/><\/figure>\n<\/div>\n\n\n\n<div class=\"wp-block-column is-layout-flow wp-block-column-is-layout-flow\">\n<h2 class=\"wp-block-heading\">Producing[ps2id id=&#8217;producing&#8217; target=&#8221;\/]<\/h2>\n\n\n\n<p>F\u00fcr das Ausproduzieren von Song-Demos, dem Erstellen von Audio-Logos oder der Produktion von Corporate Musik haben wir uns einen breit aufgestellten Pool aus talentierten  Songwriter*innen und Produzent*innen, die gern mit Rat und Tat zur Seite stehen und bei der Verwirklichung eines Projektes helfen. Entweder bei uns vor Ort im Studio oder als Online-Service \u2013 wir sind flexibel.<\/p>\n<\/div>\n<\/div>\n\n\n\n<div class=\"wp-block-columns is-layout-flex wp-container-core-columns-is-layout-9d6595d7 wp-block-columns-is-layout-flex\">\n<div class=\"wp-block-column is-layout-flow wp-block-column-is-layout-flow\">\n<h2 class=\"wp-block-heading\">Remote Sessions [ps2id id=&#8217;remote&#8217; target=&#8221;\/]<\/h2>\n\n\n\n<p>Ein fertig produzierter Song muss professionell gemischt werden? Ein Track fehlen noch echte dynamische Drums, Key- oder Gitarrenparts, aber die Reise nach Hannover ist zu weit?<\/p>\n\n\n\n<p>Wir bieten euch die M\u00f6glichkeit einen Gro\u00dfteil unserer Services auch online zu realisieren. Daf\u00fcr haben wir eine leistungsstarke Videokonferenz-Infrastruktur, die eine reibungslose Kommunikation erm\u00f6glicht.<\/p>\n<\/div>\n\n\n\n<div class=\"wp-block-column is-layout-flow wp-block-column-is-layout-flow\">\n<figure class=\"wp-block-image size-large\"><img loading=\"lazy\" decoding=\"async\" width=\"1024\" height=\"770\" src=\"https:\/\/www.peppermint-park.com\/wp-content\/uploads\/2022\/09\/Drums-1024x770.png\" alt=\"\" class=\"wp-image-592\" srcset=\"https:\/\/www.peppermint-park.com\/wp-content\/uploads\/2022\/09\/Drums-1024x770.png 1024w, https:\/\/www.peppermint-park.com\/wp-content\/uploads\/2022\/09\/Drums-300x225.png 300w, https:\/\/www.peppermint-park.com\/wp-content\/uploads\/2022\/09\/Drums-768x577.png 768w, https:\/\/www.peppermint-park.com\/wp-content\/uploads\/2022\/09\/Drums-1536x1154.png 1536w, https:\/\/www.peppermint-park.com\/wp-content\/uploads\/2022\/09\/Drums-1800x1353.png 1800w, https:\/\/www.peppermint-park.com\/wp-content\/uploads\/2022\/09\/Drums.png 2044w\" sizes=\"auto, (max-width: 1024px) 100vw, 1024px\" \/><\/figure>\n<\/div>\n<\/div>\n\n\n\n<div class=\"wp-block-columns is-layout-flex wp-container-core-columns-is-layout-9d6595d7 wp-block-columns-is-layout-flex\">\n<div class=\"wp-block-column is-layout-flow wp-block-column-is-layout-flow\">\n<figure class=\"wp-block-image size-large\"><img loading=\"lazy\" decoding=\"async\" width=\"1024\" height=\"770\" src=\"https:\/\/www.peppermint-park.com\/wp-content\/uploads\/2022\/10\/Startseite-Fotos-2-1024x770.png\" alt=\"\" class=\"wp-image-943\" srcset=\"https:\/\/www.peppermint-park.com\/wp-content\/uploads\/2022\/10\/Startseite-Fotos-2-1024x770.png 1024w, https:\/\/www.peppermint-park.com\/wp-content\/uploads\/2022\/10\/Startseite-Fotos-2-300x225.png 300w, https:\/\/www.peppermint-park.com\/wp-content\/uploads\/2022\/10\/Startseite-Fotos-2-768x577.png 768w, https:\/\/www.peppermint-park.com\/wp-content\/uploads\/2022\/10\/Startseite-Fotos-2-1536x1154.png 1536w, https:\/\/www.peppermint-park.com\/wp-content\/uploads\/2022\/10\/Startseite-Fotos-2-1800x1353.png 1800w, https:\/\/www.peppermint-park.com\/wp-content\/uploads\/2022\/10\/Startseite-Fotos-2.png 2044w\" sizes=\"auto, (max-width: 1024px) 100vw, 1024px\" \/><\/figure>\n<\/div>\n\n\n\n<div class=\"wp-block-column is-layout-flow wp-block-column-is-layout-flow\">\n<h2 class=\"wp-block-heading\">Streaming[ps2id id=&#8217;streaming&#8217; target=&#8221;\/]<\/h2>\n\n\n\n<p><strong>Streaming &#8211; vor Ort und Mobil<\/strong><br>Mit unserem mobilen Setup streamen wir Ihr Event direkt vor Ort \u2013 flexibel, zuverl\u00e4ssig und in bester Qualit\u00e4t. Alternativ k\u00f6nnen Sie unsere Studiolocation nutzen, die eine einzigartige Atmosph\u00e4re f\u00fcr professionelle \u00dcbertragungen bietet.<\/p>\n\n\n\n<p>Unsere hybriden Streaming-L\u00f6sungen er\u00f6ffnen <strong>wirtschaftliche Vorteile<\/strong>, beispielsweise bei <strong>Tagungen<\/strong>, Schulungen oder Pr\u00e4sentationen: Durch die <strong>standortunabh\u00e4ngige Teilnahme<\/strong> reduzieren Sie Reise- und Logistikkosten erheblich.<\/p>\n\n\n\n<p>Ein Teil der Teilnehmer ist vor Ort, der andere weltweit zugeschaltet. So erreichen Sie Ihr Publikum effektiv und maximal flexibel, ohne Kompromisse bei der technischen Qualit\u00e4t.<br><a href=\"https:\/\/www.peppermint-park.com\/wp-content\/uploads\/2023\/06\/Mobiler-Streaming-Service.pdf\">Streaming Flyer<\/a><\/p>\n<\/div>\n<\/div>\n","protected":false},"excerpt":{"rendered":"<p>Services Dolby Atmos [ps2id id=&#8217;dolby&#8217; target=&#8221;\/] Als eines der ersten Dolby Atmos Music zertifizierten Studios mit einem der gr\u00f6\u00dften 7.1.4 Control Rooms Deutschlands konnten wir bereits fr\u00fch Erfahrung mit dem Mischen und Produzieren Immersiver Musik sammeln. Wir mischen schnell, unkompliziert und kreativ und behalten die Musikalit\u00e4t dabei immer im Fokus. Mixing [ps2id id=&#8217;mixing&#8217; target=&#8221;\/] Analog,&hellip;&nbsp;<a href=\"https:\/\/www.peppermint-park.com\/de\/services\/\" class=\"\" rel=\"bookmark\">Weiterlesen &raquo;<span class=\"screen-reader-text\">Services<\/span><\/a><\/p>\n","protected":false},"author":1,"featured_media":0,"parent":0,"menu_order":0,"comment_status":"closed","ping_status":"closed","template":"","meta":{"_mi_skip_tracking":false,"neve_meta_sidebar":"","neve_meta_container":"","neve_meta_enable_content_width":"","neve_meta_content_width":0,"neve_meta_title_alignment":"","neve_meta_author_avatar":"","neve_post_elements_order":"","neve_meta_disable_header":"","neve_meta_disable_footer":"","neve_meta_disable_title":"on","pgc_sgb_lightbox_settings":"","footnotes":""},"class_list":["post-190","page","type-page","status-publish","hentry"],"aioseo_notices":[],"_links":{"self":[{"href":"https:\/\/www.peppermint-park.com\/de\/wp-json\/wp\/v2\/pages\/190","targetHints":{"allow":["GET"]}}],"collection":[{"href":"https:\/\/www.peppermint-park.com\/de\/wp-json\/wp\/v2\/pages"}],"about":[{"href":"https:\/\/www.peppermint-park.com\/de\/wp-json\/wp\/v2\/types\/page"}],"author":[{"embeddable":true,"href":"https:\/\/www.peppermint-park.com\/de\/wp-json\/wp\/v2\/users\/1"}],"replies":[{"embeddable":true,"href":"https:\/\/www.peppermint-park.com\/de\/wp-json\/wp\/v2\/comments?post=190"}],"version-history":[{"count":48,"href":"https:\/\/www.peppermint-park.com\/de\/wp-json\/wp\/v2\/pages\/190\/revisions"}],"predecessor-version":[{"id":1306,"href":"https:\/\/www.peppermint-park.com\/de\/wp-json\/wp\/v2\/pages\/190\/revisions\/1306"}],"wp:attachment":[{"href":"https:\/\/www.peppermint-park.com\/de\/wp-json\/wp\/v2\/media?parent=190"}],"curies":[{"name":"wp","href":"https:\/\/api.w.org\/{rel}","templated":true}]}}