{"id":757,"date":"2022-10-20T14:45:34","date_gmt":"2022-10-20T12:45:34","guid":{"rendered":"https:\/\/www.peppermint-park.com\/?page_id=757"},"modified":"2024-10-15T13:29:18","modified_gmt":"2024-10-15T11:29:18","slug":"dolby-atmos","status":"publish","type":"page","link":"https:\/\/www.peppermint-park.com\/de\/dolby-atmos\/","title":{"rendered":"Dolby Atmos"},"content":{"rendered":"\n<div class=\"alignfull\"><div id=\"metaslider-id-894\" style=\"width: 100%;\" class=\"ml-slider-3-108-0 metaslider metaslider-flex metaslider-894 ml-slider ms-theme-nivo-dark nav-hidden\" role=\"region\" aria-label=\"Dolby Atmos\" data-height=\"600\" data-width=\"1900\">\n    <div id=\"metaslider_container_894\">\n        <div id=\"metaslider_894\" class=\"flexslider\">\n            <ul class='slides'>\n                <li style=\"display: block; width: 100%;\" class=\"slide-896 ms-image \" aria-roledescription=\"slide\" data-date=\"2022-10-20 17:47:59\" data-filename=\"Slide-1.png\" data-slide-type=\"image\"><img loading=\"lazy\" decoding=\"async\" src=\"https:\/\/www.peppermint-park.com\/wp-content\/uploads\/2022\/10\/Slide-1.png\" height=\"600\" width=\"1900\" alt=\"Weitwinkelperspektive der Dolby Atmos Regie von Studio 1 der Peppermint Park Studios\" class=\"slider-894 slide-896 msDefaultImage\" title=\"Studio 1 overview\" \/><div class=\"caption-wrap\"><div class=\"caption\"><div>Dolby Atmos<\/div><\/div><\/div><\/li>\n                <li style=\"display: none; width: 100%;\" class=\"slide-895 ms-image \" aria-roledescription=\"slide\" data-date=\"2022-10-20 17:47:59\" data-filename=\"Peppermint-Park-Website-Slider-Vorlage-2.png\" data-slide-type=\"image\"><img loading=\"lazy\" decoding=\"async\" src=\"https:\/\/www.peppermint-park.com\/wp-content\/uploads\/2022\/10\/Peppermint-Park-Website-Slider-Vorlage-2.png\" height=\"600\" width=\"1900\" alt=\"Peppermint Pavilion Au\u00dfenansicht Nacht\" class=\"slider-894 slide-895 msDefaultImage\" title=\"Peppermint Pavilion Au\u00dfenansicht Nacht\" \/><div class=\"caption-wrap\"><div class=\"caption\"><div>Peppermint Park Studios<\/div><\/div><\/div><\/li>\n                <li style=\"display: none; width: 100%;\" class=\"slide-897 ms-image \" aria-roledescription=\"slide\" data-date=\"2022-10-20 17:47:59\" data-filename=\"Slide-2-1.png\" data-slide-type=\"image\"><img loading=\"lazy\" decoding=\"async\" src=\"https:\/\/www.peppermint-park.com\/wp-content\/uploads\/2022\/09\/Slide-2-1.png\" height=\"600\" width=\"1900\" alt=\"Portrait der U87 Mikrofonsammlung in Studio 1\" class=\"slider-894 slide-897 msDefaultImage\" title=\"Neumann U87 collection\" \/><div class=\"caption-wrap\"><div class=\"caption\"><div>Vintage and Modern<\/div><\/div><\/div><\/li>\n                <li style=\"display: none; width: 100%;\" class=\"slide-898 ms-image \" aria-roledescription=\"slide\" data-date=\"2022-10-20 17:47:59\" data-filename=\"Slide-3-1.png\" data-slide-type=\"image\"><img loading=\"lazy\" decoding=\"async\" src=\"https:\/\/www.peppermint-park.com\/wp-content\/uploads\/2022\/09\/Slide-3-1.png\" height=\"600\" width=\"1900\" alt=\"Aufnahmeraum 1 Gear Shot\" class=\"slider-894 slide-898 msDefaultImage\" title=\"Aufnahmeraum 1 Gear Shot\" \/><div class=\"caption-wrap\"><div class=\"caption\"><div>Room for Sound<\/div><\/div><\/div><\/li>\n                <li style=\"display: none; width: 100%;\" class=\"slide-899 ms-image \" aria-roledescription=\"slide\" data-date=\"2022-10-20 17:47:59\" data-filename=\"Peppermint-Park-Website-Slider-Vorlage-3.png\" data-slide-type=\"image\"><img loading=\"lazy\" decoding=\"async\" src=\"https:\/\/www.peppermint-park.com\/wp-content\/uploads\/2022\/10\/Peppermint-Park-Website-Slider-Vorlage-3.png\" height=\"600\" width=\"1900\" alt=\"Peppermint Park Studio 1 SSL Console\" class=\"slider-894 slide-899 msDefaultImage\" title=\"Peppermint Park Studio 1 SSL Console\" \/><div class=\"caption-wrap\"><div class=\"caption\"><div><a href=\"..\/de_de\/kontakt\/#booking\">Book Now!<\/a><\/div><\/div><\/div><\/li>\n                <li style=\"display: none; width: 100%;\" class=\"slide-900 ms-image \" aria-roledescription=\"slide\" data-date=\"2022-10-20 17:47:59\" data-filename=\"Slide-5-1.png\" data-slide-type=\"image\"><img loading=\"lazy\" decoding=\"async\" src=\"https:\/\/www.peppermint-park.com\/wp-content\/uploads\/2022\/09\/Slide-5-1.png\" height=\"600\" width=\"1900\" alt=\"Peppermint Park Tischkicker\" class=\"slider-894 slide-900 msDefaultImage\" title=\"Peppermint Park Tischkicker\" \/><\/li>\n            <\/ul>\n        <\/div>\n        \n    <\/div>\n<\/div><\/div>\n\n\n\n<div style=\"height:55px\" aria-hidden=\"true\" class=\"wp-block-spacer\"><\/div>\n\n\n\n<h1 class=\"wp-block-heading\">Unsere Services [ps2id id=&#8217;dolby&#8217; target=&#8221;\/]<\/h1>\n\n\n\n<p>Als eines der ersten Dolby Atmos&nbsp;Music&nbsp;Studios in Deutschland mit einer der gr\u00f6\u00dften Regien bieten wir:<\/p>\n\n\n\n<div class=\"wp-block-columns is-layout-flex wp-container-core-columns-is-layout-9d6595d7 wp-block-columns-is-layout-flex\">\n<div class=\"wp-block-column is-layout-flow wp-block-column-is-layout-flow\">\n<h2 class=\"wp-block-heading\">Produktion<\/h2>\n\n\n\n<p>Musikproduktion, von Anfang bis Ende immersiv. Bereits bei der Konzeption der Produktion ber\u00fccksichtigen wir Dolby Atmos und&nbsp;recorden&nbsp;als eines der wenigen Studios mit dieser M\u00f6glichkeit von Anfang an f\u00fcr ein immersives H\u00f6rerlebnis.<\/p>\n<\/div>\n\n\n\n<div class=\"wp-block-column is-layout-flow wp-block-column-is-layout-flow\">\n<h2 class=\"wp-block-heading\">Mix<\/h2>\n\n\n\n<p>Ein&nbsp;Song ist aufgenommen. Wir bekommen die Spuren und mischen den Song von Grund auf in Dolby Atmos.<\/p>\n<\/div>\n\n\n\n<div class=\"wp-block-column is-layout-flow wp-block-column-is-layout-flow\">\n<h2 class=\"wp-block-heading\">Stem Mix<\/h2>\n\n\n\n<p>Eine&nbsp;fertige Produktion mit Stereo Master existiert bereits. Wir erhalten die Produktion in&nbsp;Stems&nbsp;und erschaffen daraus einen 3D-Mix &#8211; die h\u00e4ufigste und einfachste&nbsp;Form, seinen Content in Dolby Atmos zu releasen.<\/p>\n<\/div>\n<\/div>\n\n\n\n<h1 class=\"wp-block-heading\"><strong>Warum Dolby Atmos?<\/strong> <\/h1>\n\n\n\n<div class=\"wp-block-columns is-layout-flex wp-container-core-columns-is-layout-9d6595d7 wp-block-columns-is-layout-flex\">\n<div class=\"wp-block-column is-layout-flow wp-block-column-is-layout-flow\" style=\"flex-basis:66.66%\">\n<p>Dolby Atmos ist ein Audiostandard, der immersives, also dreidimensionales H\u00f6ren mit jedem ganz normalen Kopfh\u00f6rer erm\u00f6glicht.<\/p>\n\n\n\n<p class=\"has-text-align-left\">W\u00e4hrend es beim herk\u00f6mmlichen Stereo nur Links, Rechts und die Mitte gibt, findet das Mixing bei immersiven Formaten wie Dolby Atmos in einem Raum statt &#8211; Der Sound kommt von \u00dcberall &#8211;<\/p>\n\n\n\n<p class=\"has-text-align-left\">Einzelne Instrumente, Sounds oder Spuren klingen dadurch aufgel\u00f6ster und im Mix auch wesentlich gr\u00f6\u00dfer als in Stereo.&nbsp;<\/p>\n\n\n\n<p>F\u00fcr die Musik ergeben sich hierdurch unz\u00e4hlige neue kreative M\u00f6glichkeiten. So k\u00f6nnen Instrumente oder Sounds ganz anders r\u00e4umlich positioniert werden. Beim Zuh\u00f6ren stehen wir pl\u00f6tzlich mittendrin in der Musik.&nbsp;<\/p>\n\n\n\n<p>Ein guter Dolby Atmos Mix kann neue, kreative Klangbilder darstellen und durch besseren Sound und bessere Aufl\u00f6sung \u00fcberzeugen. Der Kreativit\u00e4t sind hier nur durch Geschmack und Musikalit\u00e4t Grenzen gesetzt.<\/p>\n\n\n\n<p>Dolby Atmos Mixes gibt es inzwischen bei Apple Music, Tidal und Amazon-Music, h\u00f6rbar mit ganz normalen Stereo Kopfh\u00f6rern. Denn das Ausgabeformat f\u00fcr alle, die keine Dolby Atmos Anlage mit zig Lautsprechern im Wohnzimmer stehen haben, ist ein zweikanaliger binauraler Mix aus dem Abspielger\u00e4t, der dem menschlichen Geh\u00f6r dreidimensionales, immersives H\u00f6ren erm\u00f6glicht.<\/p>\n\n\n\n<p>Neben den musikalischen und kreativen M\u00f6glichkeiten ist die Ver\u00f6ffentlichung der eigenen Musik in Dolby zus\u00e4tzlich ein gutes Promotions-Tool. Auf Apple Music gibt es beispielsweise spezielle Playlists f\u00fcr 3D-Audio Content, die sehr prominent platziert werden.<\/p>\n<\/div>\n\n\n\n<div class=\"wp-block-column is-layout-flow wp-block-column-is-layout-flow\" style=\"flex-basis:33.33%\">\n<figure class=\"wp-block-image size-large\"><img loading=\"lazy\" decoding=\"async\" width=\"1024\" height=\"768\" src=\"https:\/\/www.peppermint-park.com\/wp-content\/uploads\/2022\/09\/3-1024x768.png\" alt=\"\" class=\"wp-image-266\" srcset=\"https:\/\/www.peppermint-park.com\/wp-content\/uploads\/2022\/09\/3-1024x768.png 1024w, https:\/\/www.peppermint-park.com\/wp-content\/uploads\/2022\/09\/3-300x225.png 300w, https:\/\/www.peppermint-park.com\/wp-content\/uploads\/2022\/09\/3-768x576.png 768w, https:\/\/www.peppermint-park.com\/wp-content\/uploads\/2022\/09\/3-1536x1152.png 1536w, https:\/\/www.peppermint-park.com\/wp-content\/uploads\/2022\/09\/3.png 1600w\" sizes=\"auto, (max-width: 1024px) 100vw, 1024px\" \/><\/figure>\n\n\n\n<figure class=\"wp-block-image size-large\"><img loading=\"lazy\" decoding=\"async\" width=\"1024\" height=\"683\" src=\"https:\/\/www.peppermint-park.com\/wp-content\/uploads\/2022\/10\/DSCF4856.1-1024x683.jpg\" alt=\"\" class=\"wp-image-917\" srcset=\"https:\/\/www.peppermint-park.com\/wp-content\/uploads\/2022\/10\/DSCF4856.1-1024x683.jpg 1024w, https:\/\/www.peppermint-park.com\/wp-content\/uploads\/2022\/10\/DSCF4856.1-300x200.jpg 300w, https:\/\/www.peppermint-park.com\/wp-content\/uploads\/2022\/10\/DSCF4856.1-768x512.jpg 768w, https:\/\/www.peppermint-park.com\/wp-content\/uploads\/2022\/10\/DSCF4856.1-1536x1024.jpg 1536w, https:\/\/www.peppermint-park.com\/wp-content\/uploads\/2022\/10\/DSCF4856.1-2048x1365.jpg 2048w, https:\/\/www.peppermint-park.com\/wp-content\/uploads\/2022\/10\/DSCF4856.1-930x620.jpg 930w, https:\/\/www.peppermint-park.com\/wp-content\/uploads\/2022\/10\/DSCF4856.1-1800x1200.jpg 1800w\" sizes=\"auto, (max-width: 1024px) 100vw, 1024px\" \/><figcaption class=\"wp-element-caption\">7.1.4 Dolby Atmos Regie<\/figcaption><\/figure>\n<\/div>\n<\/div>\n\n\n\n<p><\/p>\n\n\n\n<p><\/p>\n","protected":false},"excerpt":{"rendered":"<p>Unsere Services [ps2id id=&#8217;dolby&#8217; target=&#8221;\/] Als eines der ersten Dolby Atmos&nbsp;Music&nbsp;Studios in Deutschland mit einer der gr\u00f6\u00dften Regien bieten wir: Produktion Musikproduktion, von Anfang bis Ende immersiv. Bereits bei der Konzeption der Produktion ber\u00fccksichtigen wir Dolby Atmos und&nbsp;recorden&nbsp;als eines der wenigen Studios mit dieser M\u00f6glichkeit von Anfang an f\u00fcr ein immersives H\u00f6rerlebnis. Mix Ein&nbsp;Song ist&hellip;&nbsp;<a href=\"https:\/\/www.peppermint-park.com\/de\/dolby-atmos\/\" class=\"\" rel=\"bookmark\">Weiterlesen &raquo;<span class=\"screen-reader-text\">Dolby Atmos<\/span><\/a><\/p>\n","protected":false},"author":1,"featured_media":0,"parent":0,"menu_order":0,"comment_status":"closed","ping_status":"closed","template":"","meta":{"_mi_skip_tracking":false,"neve_meta_sidebar":"","neve_meta_container":"","neve_meta_enable_content_width":"","neve_meta_content_width":0,"neve_meta_title_alignment":"","neve_meta_author_avatar":"","neve_post_elements_order":"","neve_meta_disable_header":"","neve_meta_disable_footer":"","neve_meta_disable_title":"on","pgc_sgb_lightbox_settings":"","footnotes":""},"class_list":["post-757","page","type-page","status-publish","hentry"],"aioseo_notices":[],"_links":{"self":[{"href":"https:\/\/www.peppermint-park.com\/de\/wp-json\/wp\/v2\/pages\/757","targetHints":{"allow":["GET"]}}],"collection":[{"href":"https:\/\/www.peppermint-park.com\/de\/wp-json\/wp\/v2\/pages"}],"about":[{"href":"https:\/\/www.peppermint-park.com\/de\/wp-json\/wp\/v2\/types\/page"}],"author":[{"embeddable":true,"href":"https:\/\/www.peppermint-park.com\/de\/wp-json\/wp\/v2\/users\/1"}],"replies":[{"embeddable":true,"href":"https:\/\/www.peppermint-park.com\/de\/wp-json\/wp\/v2\/comments?post=757"}],"version-history":[{"count":26,"href":"https:\/\/www.peppermint-park.com\/de\/wp-json\/wp\/v2\/pages\/757\/revisions"}],"predecessor-version":[{"id":1294,"href":"https:\/\/www.peppermint-park.com\/de\/wp-json\/wp\/v2\/pages\/757\/revisions\/1294"}],"wp:attachment":[{"href":"https:\/\/www.peppermint-park.com\/de\/wp-json\/wp\/v2\/media?parent=757"}],"curies":[{"name":"wp","href":"https:\/\/api.w.org\/{rel}","templated":true}]}}